{"id":8,"date":"2020-08-02T16:32:21","date_gmt":"2020-08-02T14:32:21","guid":{"rendered":"http:\/\/velikibrojevi.net\/?page_id=8"},"modified":"2026-02-23T19:23:48","modified_gmt":"2026-02-23T18:23:48","slug":"pocetak","status":"publish","type":"page","link":"https:\/\/velikibrojevi.net\/","title":{"rendered":"PO\u010cETNA"},"content":{"rendered":"\n<p class=\"has-normal-font-size\">Dobro&nbsp;do\u0161li&nbsp;u&nbsp;CITY&nbsp;S<br>Mu\u0161ka&nbsp;garderoba&nbsp;velikih&nbsp;brojeva&nbsp;koja&nbsp;\u0107e&nbsp;vam&nbsp;stvarno&nbsp;biti&nbsp;po&nbsp;meri.<br>\u0160irok&nbsp;asortiman&nbsp;ko\u0161ulja&nbsp;majica&nbsp;pantalona,farmeric,dukserica i dzempera..od&nbsp;M&nbsp;do&nbsp;6XL&nbsp;za&nbsp;prave muskarce<\/p>\n\n\n\n<figure class=\"wp-block-image size-large\"><img loading=\"lazy\" width=\"682\" height=\"1024\" src=\"https:\/\/velikibrojevi.net\/wp-content\/uploads\/2026\/02\/IMG-107cfc92feba879d9ed630afb19765bd-V-682x1024.jpg\" alt=\"\" class=\"wp-image-102\" srcset=\"https:\/\/velikibrojevi.net\/wp-content\/uploads\/2026\/02\/IMG-107cfc92feba879d9ed630afb19765bd-V-682x1024.jpg 682w, https:\/\/velikibrojevi.net\/wp-content\/uploads\/2026\/02\/IMG-107cfc92feba879d9ed630afb19765bd-V-200x300.jpg 200w, https:\/\/velikibrojevi.net\/wp-content\/uploads\/2026\/02\/IMG-107cfc92feba879d9ed630afb19765bd-V-768x1152.jpg 768w, https:\/\/velikibrojevi.net\/wp-content\/uploads\/2026\/02\/IMG-107cfc92feba879d9ed630afb19765bd-V-1024x1536.jpg 1024w, https:\/\/velikibrojevi.net\/wp-content\/uploads\/2026\/02\/IMG-107cfc92feba879d9ed630afb19765bd-V.jpg 1067w\" sizes=\"(max-width: 682px) 100vw, 682px\" \/><\/figure>\n","protected":false},"excerpt":{"rendered":"<p>Dobro&nbsp;do\u0161li&nbsp;u&nbsp;CITY&nbsp;SMu\u0161ka&nbsp;garderoba&nbsp;velikih&nbsp;brojeva&nbsp;koja&nbsp;\u0107e&nbsp;vam&nbsp;stvarno&nbsp;biti&nbsp;po&nbsp;meri.\u0160irok&nbsp;asortiman&nbsp;ko\u0161ulja&nbsp;majica&nbsp;pantalona,farmeric,dukserica i dzempera..od&nbsp;M&nbsp;do&nbsp;6XL&nbsp;za&nbsp;prave muskarce<\/p>\n","protected":false},"author":1,"featured_media":0,"parent":0,"menu_order":0,"comment_status":"closed","ping_status":"closed","template":"","meta":[],"yoast_head":"<!-- This site is optimized with the Yoast SEO plugin v16.5 - https:\/\/yoast.com\/wordpress\/plugins\/seo\/ -->\n<title>PO\u010cETNA - SITY S<\/title>\n<meta name=\"robots\" content=\"index, follow, max-snippet:-1, max-image-preview:large, max-video-preview:-1\" \/>\n<link rel=\"canonical\" href=\"https:\/\/velikibrojevi.net\/\" \/>\n<meta property=\"og:locale\" content=\"sr_RS\" \/>\n<meta property=\"og:type\" content=\"article\" \/>\n<meta property=\"og:title\" content=\"PO\u010cETNA - SITY S\" \/>\n<meta property=\"og:description\" content=\"Dobro&nbsp;do\u0161li&nbsp;u&nbsp;CITY&nbsp;SMu\u0161ka&nbsp;garderoba&nbsp;velikih&nbsp;brojeva&nbsp;koja&nbsp;\u0107e&nbsp;vam&nbsp;stvarno&nbsp;biti&nbsp;po&nbsp;meri.\u0160irok&nbsp;asortiman&nbsp;ko\u0161ulja&nbsp;majica&nbsp;pantalona,farmeric,dukserica i dzempera..od&nbsp;M&nbsp;do&nbsp;6XL&nbsp;za&nbsp;prave muskarce\" \/>\n<meta property=\"og:url\" content=\"https:\/\/velikibrojevi.net\/\" \/>\n<meta property=\"og:site_name\" content=\"SITY S\" \/>\n<meta property=\"article:modified_time\" content=\"2026-02-23T18:23:48+00:00\" \/>\n<meta property=\"og:image\" content=\"https:\/\/velikibrojevi.net\/wp-content\/uploads\/2026\/02\/IMG-107cfc92feba879d9ed630afb19765bd-V-682x1024.jpg\" \/>\n<meta name=\"twitter:card\" content=\"summary_large_image\" \/>\n<meta name=\"twitter:label1\" content=\"Procenjeno vreme \u010ditanja\" \/>\n\t<meta name=\"twitter:data1\" content=\"1 minut\" \/>\n<script type=\"application\/ld+json\" class=\"yoast-schema-graph\">{\"@context\":\"https:\/\/schema.org\",\"@graph\":[{\"@type\":\"WebSite\",\"@id\":\"https:\/\/velikibrojevi.net\/#website\",\"url\":\"https:\/\/velikibrojevi.net\/\",\"name\":\"veliki brojevi xxxxxl\",\"description\":\"CITY S  Mu\\u0161ka garderoba velikih brojeva\",\"potentialAction\":[{\"@type\":\"SearchAction\",\"target\":\"https:\/\/velikibrojevi.net\/?s={search_term_string}\",\"query-input\":\"required name=search_term_string\"}],\"inLanguage\":\"sr-RS\"},{\"@type\":\"ImageObject\",\"@id\":\"https:\/\/velikibrojevi.net\/#primaryimage\",\"inLanguage\":\"sr-RS\",\"url\":\"https:\/\/velikibrojevi.net\/wp-content\/uploads\/2026\/02\/IMG-107cfc92feba879d9ed630afb19765bd-V.jpg\",\"contentUrl\":\"https:\/\/velikibrojevi.net\/wp-content\/uploads\/2026\/02\/IMG-107cfc92feba879d9ed630afb19765bd-V.jpg\",\"width\":1067,\"height\":1601},{\"@type\":\"WebPage\",\"@id\":\"https:\/\/velikibrojevi.net\/#webpage\",\"url\":\"https:\/\/velikibrojevi.net\/\",\"name\":\"PO\\u010cETNA - SITY S\",\"isPartOf\":{\"@id\":\"https:\/\/velikibrojevi.net\/#website\"},\"primaryImageOfPage\":{\"@id\":\"https:\/\/velikibrojevi.net\/#primaryimage\"},\"datePublished\":\"2020-08-02T14:32:21+00:00\",\"dateModified\":\"2026-02-23T18:23:48+00:00\",\"breadcrumb\":{\"@id\":\"https:\/\/velikibrojevi.net\/#breadcrumb\"},\"inLanguage\":\"sr-RS\",\"potentialAction\":[{\"@type\":\"ReadAction\",\"target\":[\"https:\/\/velikibrojevi.net\/\"]}]},{\"@type\":\"BreadcrumbList\",\"@id\":\"https:\/\/velikibrojevi.net\/#breadcrumb\",\"itemListElement\":[{\"@type\":\"ListItem\",\"position\":1,\"name\":\"Po\\u010detna\",\"item\":\"https:\/\/velikibrojevi.net\/\"},{\"@type\":\"ListItem\",\"position\":2,\"name\":\"PO\\u010cETNA\"}]}]}<\/script>\n<!-- \/ Yoast SEO plugin. -->","_links":{"self":[{"href":"https:\/\/velikibrojevi.net\/index.php\/wp-json\/wp\/v2\/pages\/8"}],"collection":[{"href":"https:\/\/velikibrojevi.net\/index.php\/wp-json\/wp\/v2\/pages"}],"about":[{"href":"https:\/\/velikibrojevi.net\/index.php\/wp-json\/wp\/v2\/types\/page"}],"author":[{"embeddable":true,"href":"https:\/\/velikibrojevi.net\/index.php\/wp-json\/wp\/v2\/users\/1"}],"replies":[{"embeddable":true,"href":"https:\/\/velikibrojevi.net\/index.php\/wp-json\/wp\/v2\/comments?post=8"}],"version-history":[{"count":8,"href":"https:\/\/velikibrojevi.net\/index.php\/wp-json\/wp\/v2\/pages\/8\/revisions"}],"predecessor-version":[{"id":103,"href":"https:\/\/velikibrojevi.net\/index.php\/wp-json\/wp\/v2\/pages\/8\/revisions\/103"}],"wp:attachment":[{"href":"https:\/\/velikibrojevi.net\/index.php\/wp-json\/wp\/v2\/media?parent=8"}],"curies":[{"name":"wp","href":"https:\/\/api.w.org\/{rel}","templated":true}]}}